{"id":64,"date":"2014-03-05T17:50:38","date_gmt":"2014-03-05T16:50:38","guid":{"rendered":"http:\/\/www.mellecereza.fr\/blog\/?page_id=64"},"modified":"2016-07-03T11:31:27","modified_gmt":"2016-07-03T09:31:27","slug":"contacter-cerise","status":"publish","type":"page","link":"https:\/\/www.mellecereza.fr\/blog\/contacter-cerise\/","title":{"rendered":"Contacter Cerise"},"content":{"rendered":"<p><strong>Pour un meilleur service : v\u00e9rifiez bien votre adresse e-mail et vos spams pour ne pas manquer notre r\u00e9ponse<\/strong><\/p>\n<p>ou envoyez un message directement \u00e0 mellecereza { at } gmail { . } com<\/p>\n<p style=\"text-align: center;\"><span style=\"font-size: medium;\">Les bijoux &amp; accessoires Mademoiselle Cereza sont vendus exclusivement sur l&rsquo;<span style=\"color: #e21d7f;\"><a href=\"http:\/\/www.mellecereza.fr\/\" target=\"_blank\"><span style=\"color: #e21d7f;\">e-shop Mademoiselle Cereza<\/span><\/a><\/span><\/span><\/p>\n<p style=\"text-align: center;\"><strong>Petit rappel<\/strong> : Mademoiselle Cereza confectionne des bijoux &amp; accessoires, toutes les robes de mari\u00e9es &amp; tenues pr\u00e9sent\u00e9s sur le blog vous sont propos\u00e9es comme inspiration avec le nom du cr\u00e9ateur\/fabriquant<br \/>\n<div data-test='contact-form' id='contact-form-64' class='wp-block-jetpack-contact-form-container '>\n<form action='https:\/\/www.mellecereza.fr\/blog\/contacter-cerise\/#contact-form-64' method='post' class='contact-form commentsblock'>\n<script>\n\t\t\t( function () {\n\t\t\t\tconst contact_forms = document.getElementsByClassName('contact-form');\n\n\t\t\t\tfor ( const form of contact_forms ) {\n\t\t\t\t\tform.onsubmit = function() {\n\t\t\t\t\t\tconst buttons = form.getElementsByTagName('button');\n\n\t\t\t\t\t\tfor( const button of buttons ) {\n\t\t\t\t\t\t\tbutton.setAttribute('disabled', true);\n\t\t\t\t\t\t}\n\t\t\t\t\t}\n\t\t\t\t}\n\t\t\t} )();\n\t\t<\/script>\n<div style=\"\" class='grunion-field-name-wrap grunion-field-wrap'  >\n<label\n\t\t\t\tfor='g64-nom'\n\t\t\t\tclass='grunion-field-label name'\n\t\t\t\t>Nom<span>(obligatoire)<\/span><\/label>\n<input\n\t\t\t\t\ttype='text'\n\t\t\t\t\tname='g64-nom'\n\t\t\t\t\tid='g64-nom'\n\t\t\t\t\tvalue=''\n\t\t\t\t\tclass='name  grunion-field' \n\t\t\t\t\trequired aria-required='true' \/>\n\t<\/div>\n\n<div style=\"\" class='grunion-field-email-wrap grunion-field-wrap'  >\n<label\n\t\t\t\tfor='g64-email'\n\t\t\t\tclass='grunion-field-label email'\n\t\t\t\t>Email<span>(obligatoire)<\/span><\/label>\n<input\n\t\t\t\t\ttype='email'\n\t\t\t\t\tname='g64-email'\n\t\t\t\t\tid='g64-email'\n\t\t\t\t\tvalue=''\n\t\t\t\t\tclass='email  grunion-field' \n\t\t\t\t\trequired aria-required='true' \/>\n\t<\/div>\n\n<div style=\"\" class='grunion-field-url-wrap grunion-field-wrap'  >\n<label\n\t\t\t\tfor='g64-siteweb'\n\t\t\t\tclass='grunion-field-label url'\n\t\t\t\t>Site Web<\/label>\n<input\n\t\t\t\t\ttype='text'\n\t\t\t\t\tname='g64-siteweb'\n\t\t\t\t\tid='g64-siteweb'\n\t\t\t\t\tvalue=''\n\t\t\t\t\tclass='url  grunion-field' \n\t\t\t\t\ttitle=\"Veuillez saisir une URL valide - https:\/\/www.exemple.fr\" oninvalid=\"setCustomValidity(&quot;Veuillez saisir une URL valide - https:\/\/www.exemple.fr&quot;)\" oninput=\"setCustomValidity(&quot;&quot;)\" pattern=\"(([:\\\/a-zA-Z0-9_\\-]+)?(\\.[a-zA-Z0-9_\\-\\\/]+)+)\" data-type-override=\"url\"  \/>\n\t<\/div>\n\n<div style=\"\" class='grunion-field-textarea-wrap grunion-field-wrap'  >\n<label\n\t\t\t\tfor='contact-form-comment-g64-votremessage'\n\t\t\t\tclass='grunion-field-label textarea'\n\t\t\t\t>Votre message<span>(obligatoire)<\/span><\/label>\n<textarea\n\t\t                style=''\n\t\t                name='g64-votremessage'\n\t\t                id='contact-form-comment-g64-votremessage'\n\t\t                rows='20' class='textarea  grunion-field'  required aria-required='true'><\/textarea>\n\t<\/div>\n\t<p class='contact-submit'>\n\t\t<button type='submit' class='pushbutton-wide'>Envoyer<\/button>\t\t<input type='hidden' name='contact-form-id' value='64' \/>\n\t\t<input type='hidden' name='action' value='grunion-contact-form' \/>\n\t\t<input type='hidden' name='contact-form-hash' value='42f016b5bf05ac42781ea319f3ef5fb9899cb190' \/>\n\t<\/p>\n<p style=\"display: none !important;\"><label>&#916;<textarea name=\"ak_hp_textarea\" cols=\"45\" rows=\"8\" maxlength=\"100\"><\/textarea><\/label><input type=\"hidden\" id=\"ak_js_1\" name=\"ak_js\" value=\"98\"\/><script>document.getElementById( \"ak_js_1\" ).setAttribute( \"value\", ( new Date() ).getTime() );<\/script><\/p><\/form>\n<\/div><\/p>\n","protected":false},"excerpt":{"rendered":"<p>Pour un meilleur service : v\u00e9rifiez bien votre adresse e-mail et vos spams pour ne pas manquer notre r\u00e9ponse ou envoyez un message directement \u00e0 mellecereza { at } gmail { . } com Les bijoux &amp; accessoires Mademoiselle Cereza&#8230;<\/p>\n","protected":false},"author":1,"featured_media":0,"parent":0,"menu_order":2,"comment_status":"open","ping_status":"open","template":"","meta":{"jetpack_post_was_ever_published":false},"yoast_head":"<!-- This site is optimized with the Yoast SEO plugin v20.3 - https:\/\/yoast.com\/wordpress\/plugins\/seo\/ -->\n<title>Contacter Cerise - Melle Cereza blog mariage original<\/title>\n<meta name=\"robots\" content=\"index, follow, max-snippet:-1, max-image-preview:large, max-video-preview:-1\" \/>\n<link rel=\"canonical\" href=\"https:\/\/www.mellecereza.fr\/blog\/contacter-cerise\/\" \/>\n<meta property=\"og:locale\" content=\"fr_FR\" \/>\n<meta property=\"og:type\" content=\"article\" \/>\n<meta property=\"og:title\" content=\"Contacter Cerise - Melle Cereza blog mariage original\" \/>\n<meta property=\"og:description\" content=\"Pour un meilleur service : v\u00e9rifiez bien votre adresse e-mail et vos spams pour ne pas manquer notre r\u00e9ponse ou envoyez un message directement \u00e0 mellecereza { at } gmail { . } com Les bijoux &amp; accessoires Mademoiselle Cereza...\" \/>\n<meta property=\"og:url\" content=\"https:\/\/www.mellecereza.fr\/blog\/contacter-cerise\/\" \/>\n<meta property=\"og:site_name\" content=\"Melle Cereza blog mariage original\" \/>\n<meta property=\"article:modified_time\" content=\"2016-07-03T09:31:27+00:00\" \/>\n<meta name=\"twitter:label1\" content=\"Dur\u00e9e de lecture estim\u00e9e\" \/>\n\t<meta name=\"twitter:data1\" content=\"1 minute\" \/>\n<script type=\"application\/ld+json\" class=\"yoast-schema-graph\">{\"@context\":\"https:\/\/schema.org\",\"@graph\":[{\"@type\":\"WebPage\",\"@id\":\"https:\/\/www.mellecereza.fr\/blog\/contacter-cerise\/\",\"url\":\"https:\/\/www.mellecereza.fr\/blog\/contacter-cerise\/\",\"name\":\"Contacter Cerise - Melle Cereza blog mariage original\",\"isPartOf\":{\"@id\":\"https:\/\/www.mellecereza.fr\/blog\/#website\"},\"datePublished\":\"2014-03-05T16:50:38+00:00\",\"dateModified\":\"2016-07-03T09:31:27+00:00\",\"breadcrumb\":{\"@id\":\"https:\/\/www.mellecereza.fr\/blog\/contacter-cerise\/#breadcrumb\"},\"inLanguage\":\"fr-FR\",\"potentialAction\":[{\"@type\":\"ReadAction\",\"target\":[\"https:\/\/www.mellecereza.fr\/blog\/contacter-cerise\/\"]}]},{\"@type\":\"BreadcrumbList\",\"@id\":\"https:\/\/www.mellecereza.fr\/blog\/contacter-cerise\/#breadcrumb\",\"itemListElement\":[{\"@type\":\"ListItem\",\"position\":1,\"name\":\"Accueil\",\"item\":\"https:\/\/www.mellecereza.fr\/blog\/\"},{\"@type\":\"ListItem\",\"position\":2,\"name\":\"Contacter Cerise\"}]},{\"@type\":\"WebSite\",\"@id\":\"https:\/\/www.mellecereza.fr\/blog\/#website\",\"url\":\"https:\/\/www.mellecereza.fr\/blog\/\",\"name\":\"Melle Cereza blog mariage original\",\"description\":\"Id\u00e9es et inspirations pour un joli mariage original, id\u00e9es d\u00e9co, bouquet, bijoux &amp; accessoires\",\"potentialAction\":[{\"@type\":\"SearchAction\",\"target\":{\"@type\":\"EntryPoint\",\"urlTemplate\":\"https:\/\/www.mellecereza.fr\/blog\/?s={search_term_string}\"},\"query-input\":\"required name=search_term_string\"}],\"inLanguage\":\"fr-FR\"}]}<\/script>\n<!-- \/ Yoast SEO plugin. -->","yoast_head_json":{"title":"Contacter Cerise - Melle Cereza blog mariage original","robots":{"index":"index","follow":"follow","max-snippet":"max-snippet:-1","max-image-preview":"max-image-preview:large","max-video-preview":"max-video-preview:-1"},"canonical":"https:\/\/www.mellecereza.fr\/blog\/contacter-cerise\/","og_locale":"fr_FR","og_type":"article","og_title":"Contacter Cerise - Melle Cereza blog mariage original","og_description":"Pour un meilleur service : v\u00e9rifiez bien votre adresse e-mail et vos spams pour ne pas manquer notre r\u00e9ponse ou envoyez un message directement \u00e0 mellecereza { at } gmail { . } com Les bijoux &amp; accessoires Mademoiselle Cereza...","og_url":"https:\/\/www.mellecereza.fr\/blog\/contacter-cerise\/","og_site_name":"Melle Cereza blog mariage original","article_modified_time":"2016-07-03T09:31:27+00:00","twitter_misc":{"Dur\u00e9e de lecture estim\u00e9e":"1 minute"},"schema":{"@context":"https:\/\/schema.org","@graph":[{"@type":"WebPage","@id":"https:\/\/www.mellecereza.fr\/blog\/contacter-cerise\/","url":"https:\/\/www.mellecereza.fr\/blog\/contacter-cerise\/","name":"Contacter Cerise - Melle Cereza blog mariage original","isPartOf":{"@id":"https:\/\/www.mellecereza.fr\/blog\/#website"},"datePublished":"2014-03-05T16:50:38+00:00","dateModified":"2016-07-03T09:31:27+00:00","breadcrumb":{"@id":"https:\/\/www.mellecereza.fr\/blog\/contacter-cerise\/#breadcrumb"},"inLanguage":"fr-FR","potentialAction":[{"@type":"ReadAction","target":["https:\/\/www.mellecereza.fr\/blog\/contacter-cerise\/"]}]},{"@type":"BreadcrumbList","@id":"https:\/\/www.mellecereza.fr\/blog\/contacter-cerise\/#breadcrumb","itemListElement":[{"@type":"ListItem","position":1,"name":"Accueil","item":"https:\/\/www.mellecereza.fr\/blog\/"},{"@type":"ListItem","position":2,"name":"Contacter Cerise"}]},{"@type":"WebSite","@id":"https:\/\/www.mellecereza.fr\/blog\/#website","url":"https:\/\/www.mellecereza.fr\/blog\/","name":"Melle Cereza blog mariage original","description":"Id\u00e9es et inspirations pour un joli mariage original, id\u00e9es d\u00e9co, bouquet, bijoux &amp; accessoires","potentialAction":[{"@type":"SearchAction","target":{"@type":"EntryPoint","urlTemplate":"https:\/\/www.mellecereza.fr\/blog\/?s={search_term_string}"},"query-input":"required name=search_term_string"}],"inLanguage":"fr-FR"}]}},"jetpack_shortlink":"https:\/\/wp.me\/P4ptN6-12","jetpack_sharing_enabled":false,"jetpack-related-posts":[{"id":6982,"url":"https:\/\/www.mellecereza.fr\/blog\/bienvenue\/","url_meta":{"origin":64,"position":0},"title":"Bienvenue chez Mademoiselle Cereza !","date":"26 f\u00e9vrier 2021","format":false,"excerpt":"Cr\u00e9atrice de bijoux & accessoires de mari\u00e9e po\u00e9tiques\u00a0et blogueuse inspirante ! \u00a0 \u00a0","rel":"","context":"Article similaire","img":{"alt_text":"","src":"","width":0,"height":0},"classes":[]},{"id":348,"url":"https:\/\/www.mellecereza.fr\/blog\/bijou-de-tete-mariage-ornement-coiffure\/","url_meta":{"origin":64,"position":1},"title":"Bijou de t\u00eate mariage","date":"16 mars 2014","format":false,"excerpt":"Un bijou de\u00a0t\u00eate mariage \u00a0coordonn\u00e9 aux couleurs de votre joli jour \u2665 Vous souhaitez avoir la plus jolie des coiffure et l'orner d'un bijou de\u00a0t\u00eate floral\u00a0ou d'un ornement pr\u00e9cieux assorti \u00e0 votre robe ou \u00e0 votre bouquet de mari\u00e9e original : chaque mod\u00e8le est personnalisable que ce soit par l'ajout\u2026","rel":"","context":"Avec 1 commentaire","img":{"alt_text":"headband mariage champ\u00c3\u00aatre chic Inaya Mademoiselle Cereza","src":"https:\/\/i0.wp.com\/www.mellecereza.fr\/blog\/wp-content\/uploads\/2014\/05\/headband-mariage-champetre-chic-fleurs-perles-mademoiselle-cereza-6ca-600x600.jpg?resize=350%2C200&ssl=1","width":350,"height":200},"classes":[]},{"id":4810,"url":"https:\/\/www.mellecereza.fr\/blog\/carnet-adresses-mariage-prestataires\/","url_meta":{"origin":64,"position":2},"title":"Carnet d&rsquo;adresses mariage","date":"1 mars 2016","format":false,"excerpt":"Le carnet d'adresses des prestataires mariage Photographes \u00a0 \u00a0Wedding Planner R\u00e9gion Centre Robes de mari\u00e9e Papeterie \u00a0 Bijoux & accessoires \u00a0 \u00a0 \u00a0 \u00a0 \u00a0 \u00a0 \u00a0 \u00a0 \u00a0 \u00a0 D\u00e9coration - Urnes personnalis\u00e9es","rel":"","context":"Article similaire","img":{"alt_text":"","src":"","width":0,"height":0},"classes":[]},{"id":3396,"url":"https:\/\/www.mellecereza.fr\/blog\/bijoux-mariee-personnalisables\/","url_meta":{"origin":64,"position":3},"title":"Bijoux mariage personnalisables","date":"22 avril 2015","format":false,"excerpt":"La collection bijoux mariage personnalisables Mademoiselle Cereza Retrouvez tous les bijoux mariage Mademoiselle Cereza sur l'e-shop Colliers de mari\u00e9e et colliers de dos \u00a0 Collier de mari\u00e9e champ\u00eatre chic \u00e9pur\u00e9 Apollonie. Le collier Apollonie est disponible en finition argent ou dor\u00e9. Collier de mari\u00e9e et son pendentif poire perle Beatriz\u2026","rel":"","context":"Article similaire","img":{"alt_text":"bijou mariage champetre chic collier epi Mademoiselle Cereza","src":"https:\/\/i0.wp.com\/www.mellecereza.fr\/blog\/wp-content\/uploads\/2023\/01\/collier-mariage-champetre-chic-epis-Apollonie-Melle-Cereza-1b-600x600.jpg?resize=350%2C200&ssl=1","width":350,"height":200},"classes":[]},{"id":89,"url":"https:\/\/www.mellecereza.fr\/blog\/les-jolies-mariees-cereza\/","url_meta":{"origin":64,"position":4},"title":"Les jolies mari\u00e9es Cereza","date":"6 mars 2014","format":false,"excerpt":"Les jolies mari\u00e9es qui m'ont fait confiance pour la cr\u00e9ation de leur bouquet de mari\u00e9e original, leurs bijoux et accessoires \u2665 \u00a0\u2605\u2605 Pour vous rendre directement sur la boutique Mademoiselle Cereza\u00a0\u2605\u2605 Mille mercis \u00e0 elles qui partagent avec vous les photos de leur joli jour Delphine et son bouquet de\u2026","rel":"","context":"Article similaire","img":{"alt_text":"","src":"https:\/\/i0.wp.com\/www.mellecereza.fr\/blog\/wp-content\/uploads\/2015\/04\/mariage-nature-champetre-chic-bouquet-mariee-original-bijou-cereza-mademoiselle-4.jpeg?resize=350%2C200","width":350,"height":200},"classes":[]},{"id":4869,"url":"https:\/\/www.mellecereza.fr\/blog\/comment-choisir-ses-bijoux-mariage\/","url_meta":{"origin":64,"position":5},"title":"Comment choisir ses bijoux de mariage ?","date":"31 mars 2016","format":false,"excerpt":"Comment choisir ses bijoux de mariage : conseils Maintenant que vous avez trouv\u00e9 LA robe de vos r\u00eaves, la prochaine \u00e9tape est de choisir comment l'accessoiriser. Et face \u00e0 la grande vari\u00e9t\u00e9 de bijoux de mariage propos\u00e9s, la t\u00e2che s'av\u00e8re souvent \u00eatre difficile pour les futures mari\u00e9es ! Vos bijoux\u2026","rel":"","context":"Article similaire","img":{"alt_text":"comment choisir ses bijoux de mariage mademoiselle cereza blog mariage b","src":"https:\/\/i0.wp.com\/www.mellecereza.fr\/blog\/wp-content\/uploads\/2016\/03\/comment-choisir-ses-bijoux-de-mariage-mademoiselle-cereza-blog-mariage-b.jpg?resize=350%2C200","width":350,"height":200},"classes":[]}],"_links":{"self":[{"href":"https:\/\/www.mellecereza.fr\/blog\/wp-json\/wp\/v2\/pages\/64"}],"collection":[{"href":"https:\/\/www.mellecereza.fr\/blog\/wp-json\/wp\/v2\/pages"}],"about":[{"href":"https:\/\/www.mellecereza.fr\/blog\/wp-json\/wp\/v2\/types\/page"}],"author":[{"embeddable":true,"href":"https:\/\/www.mellecereza.fr\/blog\/wp-json\/wp\/v2\/users\/1"}],"replies":[{"embeddable":true,"href":"https:\/\/www.mellecereza.fr\/blog\/wp-json\/wp\/v2\/comments?post=64"}],"version-history":[{"count":13,"href":"https:\/\/www.mellecereza.fr\/blog\/wp-json\/wp\/v2\/pages\/64\/revisions"}],"predecessor-version":[{"id":5262,"href":"https:\/\/www.mellecereza.fr\/blog\/wp-json\/wp\/v2\/pages\/64\/revisions\/5262"}],"wp:attachment":[{"href":"https:\/\/www.mellecereza.fr\/blog\/wp-json\/wp\/v2\/media?parent=64"}],"curies":[{"name":"wp","href":"https:\/\/api.w.org\/{rel}","templated":true}]}}